{"id":2009,"date":"2024-12-26T11:32:14","date_gmt":"2024-12-26T10:32:14","guid":{"rendered":"http:\/\/patrick-valette.fr\/?page_id=2009"},"modified":"2024-12-28T10:14:59","modified_gmt":"2024-12-28T09:14:59","slug":"mes-livres","status":"publish","type":"page","link":"https:\/\/patrick-valette.fr\/index.php\/mes-livres\/","title":{"rendered":"Mes livres"},"content":{"rendered":"\t\t<div data-elementor-type=\"wp-page\" data-elementor-id=\"2009\" class=\"elementor elementor-2009\">\n\t\t\t\t\t\t<section class=\"elementor-section elementor-top-section elementor-element elementor-element-df2b03b elementor-section-boxed elementor-section-height-default elementor-section-height-default\" data-id=\"df2b03b\" data-element_type=\"section\">\n\t\t\t\t\t\t<div class=\"elementor-container elementor-column-gap-default\">\n\t\t\t\t\t<div class=\"elementor-column elementor-col-100 elementor-top-column elementor-element elementor-element-19adf28\" data-id=\"19adf28\" data-element_type=\"column\">\n\t\t\t<div class=\"elementor-widget-wrap elementor-element-populated\">\n\t\t\t\t\t\t<div class=\"elementor-element elementor-element-461b9c8 elementor-widget elementor-widget-heading\" data-id=\"461b9c8\" data-element_type=\"widget\" data-widget_type=\"heading.default\">\n\t\t\t\t<div class=\"elementor-widget-container\">\n\t\t\t\t\t<h2 class=\"elementor-heading-title elementor-size-default\"><h2 style=\"font-weight: var( --e-global-typography-primary-font-weight );font-family: var( --e-global-typography-primary-font-family ), Sans-serif\">Le myst\u00e8re du gour de Tazenat<span style=\"color: var( --e-global-color-primary );font-family: var( --e-global-typography-primary-font-family ), Sans-serif;font-size: 2.5rem;font-weight: var( --e-global-typography-primary-font-weight )\"><\/span><\/h2><\/h2>\t\t\t\t<\/div>\n\t\t\t\t<\/div>\n\t\t\t\t\t<\/div>\n\t\t<\/div>\n\t\t\t\t\t<\/div>\n\t\t<\/section>\n\t\t\t\t<section class=\"elementor-section elementor-top-section elementor-element elementor-element-99bc89a elementor-section-boxed elementor-section-height-default elementor-section-height-default\" data-id=\"99bc89a\" data-element_type=\"section\">\n\t\t\t\t\t\t<div class=\"elementor-container elementor-column-gap-default\">\n\t\t\t\t\t<div class=\"elementor-column elementor-col-50 elementor-top-column elementor-element elementor-element-b738b6d\" data-id=\"b738b6d\" data-element_type=\"column\">\n\t\t\t<div class=\"elementor-widget-wrap elementor-element-populated\">\n\t\t\t\t\t\t<div class=\"elementor-element elementor-element-67489c1 elementor-widget elementor-widget-text-editor\" data-id=\"67489c1\" data-element_type=\"widget\" data-widget_type=\"text-editor.default\">\n\t\t\t\t<div class=\"elementor-widget-container\">\n\t\t\t\t\t\t\t\t\t<p>\u00a0\u00a0L\u2019atmosph\u00e8re oppressante pesait lourdement sur l\u2019air, tandis que le soleil d\u00e9clinait derri\u00e8re les collines ondoyantes de l\u2019Auvergne, baignant la sc\u00e8ne d\u2019une lumi\u00e8re de feu. Les eaux sombres et profondes du Gour de Tazenat, presque noires, ressemblaient \u00e0 la pupille d\u2019un \u0153il en col\u00e8re. Il refl\u00e9tait les ombres du ciel, qui se parait progressivement des nuances pourpres du cr\u00e9puscule. Cet endroit avait toujours eu une aura myst\u00e9rieuse, un secret ancestral souffl\u00e9 par les vents, une \u00e9nigme que seuls les gens du cru pouvaient appr\u00e9hender. Ce lac\u00a0 volcanique, appel\u00e9 gour ou maar en fonction des \u00e9poques et des gens, \u00e9tait serti\u00a0 entre les premiers contreforts volcaniques Auvergnat.\u00a0 Encore une fois il \u00e9tait le t\u00e9moin silencieux d\u2019une violence qui allait perturber\u00a0 sa s\u00e9r\u00e9nit\u00e9.<\/p><p>\u00a0 \u00a0 Le Major Hugo Laroche, v\u00eatu simplement d\u2019un jean, d\u2019un blouson et d\u2019une paire de baskets, portait sobrement un brassard tricolore de la gendarmerie, autour de son bras gauche. Il scrutait les derniers rayons de soleil qui se perdaient derri\u00e8re les arbres bordant le lac. Le gazouillis lointain des oiseaux se m\u00ealait au murmure apaisant de l\u2019eau, cr\u00e9ant une cacophonie naturelle,\u00a0 entrecoup\u00e9e seulement par les jacassements \u00e9touff\u00e9s de ses coll\u00e8gues. Les militaires de la brigade des recherches de RIOM, et les techniciens en investigations criminelles s\u2019activaient autour de lui, comme un balai de Maurice B\u00e9jart, \u00e0 l\u2019int\u00e9rieur d\u2019un p\u00e9rim\u00e8tre de s\u00e9curit\u00e9 d\u00e9limit\u00e9 par une rubalise rouge et blanche. Une toile de fond bucolique pour un drame\u00a0 se jouait sous ses yeux, z\u00e9br\u00e9e par l\u2019 \u00e9clat stroboscopique bleu des gyrophares.<\/p><p>\u00a0 \u00a0 \u00a0Au centre de la sc\u00e8ne se trouvait le corps inerte d\u2019une jeune femme qui reposait, immerg\u00e9 dans quelques centim\u00e8tres d\u2019eau \u00e0 quelques pas de la berge. Ses cheveux, noir de jais, suivaient l\u2019ondes et s\u2019\u00e9talaient sur la roche luisante autour de son visage. Le\u00a0 contraste \u00e9tait saisissant avec la p\u00e2leur laiteuse de sa peau encore ruisselante. Ses yeux sans vie fixaient le\u00a0 ciel qui s\u2019\u00e9teignait sur elle,\u00a0 fig\u00e9s dans une expression d\u2019effroi silencieux, comme si la mort elle-m\u00eame avait fig\u00e9 ses derniers instants de terreur. Elle avait \u00e9t\u00e9 belle, grande, mince et sportive. Elle \u00e9tait v\u00eatue d\u2019un blouson fourr\u00e9 marron claire, et d\u2019un pantalon serr\u00e9 noire. Pour elle, la vie avait brutalement pris fin au bord de ce paradis froid.<\/p><p>\u00a0 \u00a0 \u00a0Laroche frissonna, resserra le col de son blouson, mordillant sa l\u00e8vre inf\u00e9rieure, tandis que la bise glaciale de cette fin septembre lui fouettait le visage. Il avait souvent \u00e9t\u00e9 confront\u00e9 \u00e0 des sc\u00e8nes de crime, mais quelque chose \u00e9tait diff\u00e9rent. Peut-\u00eatre \u00e9tait ce l\u2019atmosph\u00e8re sauvage du lieu, o\u00f9 le contraste\u00a0 entre la violence du crime et la beaut\u00e9 tranquille du gour.<\/p>\t\t\t\t\t\t\t\t<\/div>\n\t\t\t\t<\/div>\n\t\t\t\t\t<\/div>\n\t\t<\/div>\n\t\t\t\t<div class=\"elementor-column elementor-col-50 elementor-top-column elementor-element elementor-element-e5c6540\" data-id=\"e5c6540\" data-element_type=\"column\">\n\t\t\t<div class=\"elementor-widget-wrap elementor-element-populated\">\n\t\t\t\t\t\t<div class=\"elementor-element elementor-element-b11978c elementor-widget elementor-widget-image\" data-id=\"b11978c\" data-element_type=\"widget\" data-widget_type=\"image.default\">\n\t\t\t\t<div class=\"elementor-widget-container\">\n\t\t\t\t\t\t\t\t\t\t\t\t\t\t\t<img fetchpriority=\"high\" decoding=\"async\" width=\"1024\" height=\"576\" src=\"https:\/\/patrick-valette.fr\/wp-content\/uploads\/2024\/12\/IMG_7121-1024x576.jpg\" class=\"attachment-large size-large wp-image-2017\" alt=\"\" srcset=\"https:\/\/patrick-valette.fr\/wp-content\/uploads\/2024\/12\/IMG_7121-1024x576.jpg 1024w, https:\/\/patrick-valette.fr\/wp-content\/uploads\/2024\/12\/IMG_7121-300x169.jpg 300w, https:\/\/patrick-valette.fr\/wp-content\/uploads\/2024\/12\/IMG_7121-768x432.jpg 768w\" sizes=\"(max-width: 1024px) 100vw, 1024px\" \/>\t\t\t\t\t\t\t\t\t\t\t\t\t\t\t<\/div>\n\t\t\t\t<\/div>\n\t\t\t\t<div class=\"elementor-element elementor-element-697803c elementor-widget elementor-widget-image\" data-id=\"697803c\" data-element_type=\"widget\" data-widget_type=\"image.default\">\n\t\t\t\t<div class=\"elementor-widget-container\">\n\t\t\t\t\t\t\t\t\t\t\t\t\t\t\t<img decoding=\"async\" width=\"1024\" height=\"576\" src=\"https:\/\/patrick-valette.fr\/wp-content\/uploads\/2024\/12\/IMG_7113-1024x576.jpg\" class=\"attachment-large size-large wp-image-2042\" alt=\"\" srcset=\"https:\/\/patrick-valette.fr\/wp-content\/uploads\/2024\/12\/IMG_7113-1024x576.jpg 1024w, https:\/\/patrick-valette.fr\/wp-content\/uploads\/2024\/12\/IMG_7113-300x169.jpg 300w, https:\/\/patrick-valette.fr\/wp-content\/uploads\/2024\/12\/IMG_7113-768x432.jpg 768w, https:\/\/patrick-valette.fr\/wp-content\/uploads\/2024\/12\/IMG_7113-1536x865.jpg 1536w, https:\/\/patrick-valette.fr\/wp-content\/uploads\/2024\/12\/IMG_7113-2048x1153.jpg 2048w, https:\/\/patrick-valette.fr\/wp-content\/uploads\/2024\/12\/IMG_7113-1920x1080.jpg 1920w\" sizes=\"(max-width: 1024px) 100vw, 1024px\" \/>\t\t\t\t\t\t\t\t\t\t\t\t\t\t\t<\/div>\n\t\t\t\t<\/div>\n\t\t\t\t<div class=\"elementor-element elementor-element-1f40ec8 elementor-align-center elementor-widget elementor-widget-button\" data-id=\"1f40ec8\" data-element_type=\"widget\" data-widget_type=\"button.default\">\n\t\t\t\t<div class=\"elementor-widget-container\">\n\t\t\t\t\t\t\t\t\t<div class=\"elementor-button-wrapper\">\n\t\t\t\t\t<a class=\"elementor-button elementor-button-link elementor-size-sm\" href=\"https:\/\/patrick-valette.fr\/index.php\/le-mystere-du-gour-de-tazenat\/\">\n\t\t\t\t\t\t<span class=\"elementor-button-content-wrapper\">\n\t\t\t\t\t\t\t\t\t<span class=\"elementor-button-text\">Cliquez ici pour lire la suite<\/span>\n\t\t\t\t\t<\/span>\n\t\t\t\t\t<\/a>\n\t\t\t\t<\/div>\n\t\t\t\t\t\t\t\t<\/div>\n\t\t\t\t<\/div>\n\t\t\t\t\t<\/div>\n\t\t<\/div>\n\t\t\t\t\t<\/div>\n\t\t<\/section>\n\t\t\t\t<section class=\"elementor-section elementor-top-section elementor-element elementor-element-6273731 elementor-section-boxed elementor-section-height-default elementor-section-height-default\" data-id=\"6273731\" data-element_type=\"section\">\n\t\t\t\t\t\t<div class=\"elementor-container elementor-column-gap-default\">\n\t\t\t\t\t<div class=\"elementor-column elementor-col-100 elementor-top-column elementor-element elementor-element-727527a\" data-id=\"727527a\" data-element_type=\"column\">\n\t\t\t<div class=\"elementor-widget-wrap elementor-element-populated\">\n\t\t\t\t\t\t<div class=\"elementor-element elementor-element-b76420c elementor-widget-divider--view-line elementor-widget elementor-widget-divider\" data-id=\"b76420c\" data-element_type=\"widget\" data-widget_type=\"divider.default\">\n\t\t\t\t<div class=\"elementor-widget-container\">\n\t\t\t\t\t\t\t<div class=\"elementor-divider\">\n\t\t\t<span class=\"elementor-divider-separator\">\n\t\t\t\t\t\t<\/span>\n\t\t<\/div>\n\t\t\t\t\t\t<\/div>\n\t\t\t\t<\/div>\n\t\t\t\t\t<\/div>\n\t\t<\/div>\n\t\t\t\t\t<\/div>\n\t\t<\/section>\n\t\t\t\t<section class=\"elementor-section elementor-top-section elementor-element elementor-element-11ea0f04 elementor-section-boxed elementor-section-height-default elementor-section-height-default\" data-id=\"11ea0f04\" data-element_type=\"section\">\n\t\t\t\t\t\t<div class=\"elementor-container elementor-column-gap-default\">\n\t\t\t\t\t<div class=\"elementor-column elementor-col-100 elementor-top-column elementor-element elementor-element-17452e82\" data-id=\"17452e82\" data-element_type=\"column\">\n\t\t\t<div class=\"elementor-widget-wrap elementor-element-populated\">\n\t\t\t\t\t\t<div class=\"elementor-element elementor-element-196739a0 elementor-widget elementor-widget-heading\" data-id=\"196739a0\" data-element_type=\"widget\" data-widget_type=\"heading.default\">\n\t\t\t\t<div class=\"elementor-widget-container\">\n\t\t\t\t\t<h2 class=\"elementor-heading-title elementor-size-default\"><h2 style=\"font-weight: var( --e-global-typography-primary-font-weight );font-family: var( --e-global-typography-primary-font-family ), Sans-serif\">Le myst\u00e8re du chateau de Rochefort<span style=\"color: var( --e-global-color-primary );font-family: var( --e-global-typography-primary-font-family ), Sans-serif;font-size: 2.5rem;font-weight: var( --e-global-typography-primary-font-weight )\"><\/span><\/h2><\/h2>\t\t\t\t<\/div>\n\t\t\t\t<\/div>\n\t\t\t\t\t<\/div>\n\t\t<\/div>\n\t\t\t\t\t<\/div>\n\t\t<\/section>\n\t\t\t\t<section class=\"elementor-section elementor-top-section elementor-element elementor-element-507ac434 elementor-section-boxed elementor-section-height-default elementor-section-height-default\" data-id=\"507ac434\" data-element_type=\"section\">\n\t\t\t\t\t\t<div class=\"elementor-container elementor-column-gap-default\">\n\t\t\t\t\t<div class=\"elementor-column elementor-col-50 elementor-top-column elementor-element elementor-element-190d59fa\" data-id=\"190d59fa\" data-element_type=\"column\">\n\t\t\t<div class=\"elementor-widget-wrap elementor-element-populated\">\n\t\t\t\t\t\t<div class=\"elementor-element elementor-element-4da28a17 elementor-widget elementor-widget-text-editor\" data-id=\"4da28a17\" data-element_type=\"widget\" data-widget_type=\"text-editor.default\">\n\t\t\t\t<div class=\"elementor-widget-container\">\n\t\t\t\t\t\t\t\t\t<p>A venir<\/p>\t\t\t\t\t\t\t\t<\/div>\n\t\t\t\t<\/div>\n\t\t\t\t\t<\/div>\n\t\t<\/div>\n\t\t\t\t<div class=\"elementor-column elementor-col-50 elementor-top-column elementor-element elementor-element-3d98d65b\" data-id=\"3d98d65b\" data-element_type=\"column\">\n\t\t\t<div class=\"elementor-widget-wrap elementor-element-populated\">\n\t\t\t\t\t\t<div class=\"elementor-element elementor-element-45e95245 elementor-widget elementor-widget-image\" data-id=\"45e95245\" data-element_type=\"widget\" data-widget_type=\"image.default\">\n\t\t\t\t<div class=\"elementor-widget-container\">\n\t\t\t\t\t\t\t\t\t\t\t\t\t\t\t<img fetchpriority=\"high\" decoding=\"async\" width=\"1024\" height=\"576\" src=\"https:\/\/patrick-valette.fr\/wp-content\/uploads\/2024\/12\/IMG_7121-1024x576.jpg\" class=\"attachment-large size-large wp-image-2017\" alt=\"\" srcset=\"https:\/\/patrick-valette.fr\/wp-content\/uploads\/2024\/12\/IMG_7121-1024x576.jpg 1024w, https:\/\/patrick-valette.fr\/wp-content\/uploads\/2024\/12\/IMG_7121-300x169.jpg 300w, https:\/\/patrick-valette.fr\/wp-content\/uploads\/2024\/12\/IMG_7121-768x432.jpg 768w\" sizes=\"(max-width: 1024px) 100vw, 1024px\" \/>\t\t\t\t\t\t\t\t\t\t\t\t\t\t\t<\/div>\n\t\t\t\t<\/div>\n\t\t\t\t<div class=\"elementor-element elementor-element-c118808 elementor-widget-divider--view-line elementor-widget elementor-widget-divider\" data-id=\"c118808\" data-element_type=\"widget\" data-widget_type=\"divider.default\">\n\t\t\t\t<div class=\"elementor-widget-container\">\n\t\t\t\t\t\t\t<div class=\"elementor-divider\">\n\t\t\t<span class=\"elementor-divider-separator\">\n\t\t\t\t\t\t<\/span>\n\t\t<\/div>\n\t\t\t\t\t\t<\/div>\n\t\t\t\t<\/div>\n\t\t\t\t<div class=\"elementor-element elementor-element-2ee95fae elementor-widget elementor-widget-image\" data-id=\"2ee95fae\" data-element_type=\"widget\" data-widget_type=\"image.default\">\n\t\t\t\t<div class=\"elementor-widget-container\">\n\t\t\t\t\t\t\t\t\t\t\t\t\t\t\t<img decoding=\"async\" width=\"1024\" height=\"576\" src=\"https:\/\/patrick-valette.fr\/wp-content\/uploads\/2024\/12\/IMG_7113-1024x576.jpg\" class=\"attachment-large size-large wp-image-2042\" alt=\"\" srcset=\"https:\/\/patrick-valette.fr\/wp-content\/uploads\/2024\/12\/IMG_7113-1024x576.jpg 1024w, https:\/\/patrick-valette.fr\/wp-content\/uploads\/2024\/12\/IMG_7113-300x169.jpg 300w, https:\/\/patrick-valette.fr\/wp-content\/uploads\/2024\/12\/IMG_7113-768x432.jpg 768w, https:\/\/patrick-valette.fr\/wp-content\/uploads\/2024\/12\/IMG_7113-1536x865.jpg 1536w, https:\/\/patrick-valette.fr\/wp-content\/uploads\/2024\/12\/IMG_7113-2048x1153.jpg 2048w, https:\/\/patrick-valette.fr\/wp-content\/uploads\/2024\/12\/IMG_7113-1920x1080.jpg 1920w\" sizes=\"(max-width: 1024px) 100vw, 1024px\" \/>\t\t\t\t\t\t\t\t\t\t\t\t\t\t\t<\/div>\n\t\t\t\t<\/div>\n\t\t\t\t<div class=\"elementor-element elementor-element-35ce516a elementor-align-center elementor-widget elementor-widget-button\" data-id=\"35ce516a\" data-element_type=\"widget\" data-widget_type=\"button.default\">\n\t\t\t\t<div class=\"elementor-widget-container\">\n\t\t\t\t\t\t\t\t\t<div class=\"elementor-button-wrapper\">\n\t\t\t\t\t<a class=\"elementor-button elementor-button-link elementor-size-sm\" href=\"https:\/\/patrick-valette.fr\/index.php\/le-mystere-du-chateau-de-rochefort\/\">\n\t\t\t\t\t\t<span class=\"elementor-button-content-wrapper\">\n\t\t\t\t\t\t\t\t\t<span class=\"elementor-button-text\">Cliquez ici pour lire la suite<\/span>\n\t\t\t\t\t<\/span>\n\t\t\t\t\t<\/a>\n\t\t\t\t<\/div>\n\t\t\t\t\t\t\t\t<\/div>\n\t\t\t\t<\/div>\n\t\t\t\t\t<\/div>\n\t\t<\/div>\n\t\t\t\t\t<\/div>\n\t\t<\/section>\n\t\t\t\t<\/div>\n\t\t","protected":false},"excerpt":{"rendered":"<p>Le myst\u00e8re du gour de Tazenat \u00a0\u00a0L\u2019atmosph\u00e8re oppressante pesait lourdement sur l\u2019air, tandis que le soleil d\u00e9clinait derri\u00e8re les collines ondoyantes de l\u2019Auvergne, baignant la sc\u00e8ne d\u2019une lumi\u00e8re de feu. Les eaux sombres et profondes du Gour de Tazenat, presque noires, ressemblaient \u00e0 la pupille d\u2019un \u0153il en col\u00e8re. Il refl\u00e9tait les ombres du ciel,&hellip; <br \/> <a class=\"read-more\" href=\"https:\/\/patrick-valette.fr\/index.php\/mes-livres\/\">Lire la suite<\/a><\/p>\n","protected":false},"author":1,"featured_media":0,"parent":0,"menu_order":0,"comment_status":"closed","ping_status":"closed","template":"","meta":{"footnotes":""},"class_list":["post-2009","page","type-page","status-publish","hentry"],"_links":{"self":[{"href":"https:\/\/patrick-valette.fr\/index.php\/wp-json\/wp\/v2\/pages\/2009","targetHints":{"allow":["GET"]}}],"collection":[{"href":"https:\/\/patrick-valette.fr\/index.php\/wp-json\/wp\/v2\/pages"}],"about":[{"href":"https:\/\/patrick-valette.fr\/index.php\/wp-json\/wp\/v2\/types\/page"}],"author":[{"embeddable":true,"href":"https:\/\/patrick-valette.fr\/index.php\/wp-json\/wp\/v2\/users\/1"}],"replies":[{"embeddable":true,"href":"https:\/\/patrick-valette.fr\/index.php\/wp-json\/wp\/v2\/comments?post=2009"}],"version-history":[{"count":32,"href":"https:\/\/patrick-valette.fr\/index.php\/wp-json\/wp\/v2\/pages\/2009\/revisions"}],"predecessor-version":[{"id":2072,"href":"https:\/\/patrick-valette.fr\/index.php\/wp-json\/wp\/v2\/pages\/2009\/revisions\/2072"}],"wp:attachment":[{"href":"https:\/\/patrick-valette.fr\/index.php\/wp-json\/wp\/v2\/media?parent=2009"}],"curies":[{"name":"wp","href":"https:\/\/api.w.org\/{rel}","templated":true}]}}