{"id":2086,"date":"2024-12-28T10:27:32","date_gmt":"2024-12-28T09:27:32","guid":{"rendered":"https:\/\/patrick-valette.fr\/?page_id=2086"},"modified":"2024-12-28T10:29:07","modified_gmt":"2024-12-28T09:29:07","slug":"a-l-a-n","status":"publish","type":"page","link":"https:\/\/patrick-valette.fr\/index.php\/a-l-a-n\/","title":{"rendered":"A.L.A.N."},"content":{"rendered":"\t\t<div data-elementor-type=\"wp-page\" data-elementor-id=\"2086\" class=\"elementor elementor-2086\">\n\t\t\t\t\t\t<section class=\"elementor-section elementor-top-section elementor-element elementor-element-95628fa elementor-section-boxed elementor-section-height-default elementor-section-height-default\" data-id=\"95628fa\" data-element_type=\"section\">\n\t\t\t\t\t\t<div class=\"elementor-container elementor-column-gap-default\">\n\t\t\t\t\t<div class=\"elementor-column elementor-col-100 elementor-top-column elementor-element elementor-element-fe237c9\" data-id=\"fe237c9\" data-element_type=\"column\">\n\t\t\t<div class=\"elementor-widget-wrap elementor-element-populated\">\n\t\t\t\t\t\t<div class=\"elementor-element elementor-element-3747a9f elementor-widget__width-initial elementor-widget elementor-widget-heading\" data-id=\"3747a9f\" data-element_type=\"widget\" data-widget_type=\"heading.default\">\n\t\t\t\t<div class=\"elementor-widget-container\">\n\t\t\t\t\t<h2 class=\"elementor-heading-title elementor-size-default\">A.L.A.N.<\/h2>\t\t\t\t<\/div>\n\t\t\t\t<\/div>\n\t\t\t\t\t<\/div>\n\t\t<\/div>\n\t\t\t\t\t<\/div>\n\t\t<\/section>\n\t\t\t\t<section class=\"elementor-section elementor-top-section elementor-element elementor-element-6a2246d elementor-section-boxed elementor-section-height-default elementor-section-height-default\" data-id=\"6a2246d\" data-element_type=\"section\">\n\t\t\t\t\t\t<div class=\"elementor-container elementor-column-gap-default\">\n\t\t\t\t\t<div class=\"elementor-column elementor-col-100 elementor-top-column elementor-element elementor-element-864137b\" data-id=\"864137b\" data-element_type=\"column\">\n\t\t\t<div class=\"elementor-widget-wrap elementor-element-populated\">\n\t\t\t\t\t\t<div class=\"elementor-element elementor-element-b88ff53 elementor-widget elementor-widget-text-editor\" data-id=\"b88ff53\" data-element_type=\"widget\" data-widget_type=\"text-editor.default\">\n\t\t\t\t<div class=\"elementor-widget-container\">\n\t\t\t\t\t\t\t\t\t<p>Dans le petit village de B\u00e8gues nich\u00e9 au c\u0153ur du Bourbonnais, la nouvelle avait sem\u00e9 une mini r\u00e9volution. Le livre le plus vendu de l\u2019ann\u00e9e \u00e9tait l\u2019\u0153uvre d&rsquo;une intelligence artificielle. Pas d\u2019un auteur humain, pas d\u2019un po\u00e8te oubli\u00e9, pas m\u00eame d\u2019un \u00e9crivain r\u00e9gionaliste \u00e0 l\u2019accent roulant bien de chez nous. Non, d\u2019une machine ! Une simple et vulgaire b\u00e9cane empilant des z\u00e9ros et des uns. Il se disait qu\u2019elle avait \u00e9t\u00e9 fabriqu\u00e9e de bric et de brocs dans un laboratoire high-tech perdu quelque part entre Vichy et Montlu\u00e7on, dans un recoin secret de la for\u00eat des colettes.<\/p><p>Le roman intitul\u00e9 <em>\u00ab\u00a0L\u2019alchimie algorithmique\u00a0\u00bb<\/em>, avait d\u00e9pass\u00e9 les fronti\u00e8res du Bourbonnais, m\u00eame de la France, et s\u2019\u00e9tait r\u00e9pandu sur la plan\u00e8te comme l\u2019offensive d\u2019un virus conqu\u00e9rant un monde \u00e9bahi. Un \u00e9trange m\u00e9lange de romance \u00e0 l\u2019eau de rose, de barbouzerie et d\u2019espionnage, \u00e9dulcor\u00e9 d\u2019un soup\u00e7on d\u2019humour grin\u00e7ant rappelait les com\u00e9dies de Michel Audiard. \u00c0 B\u00e8gues, les avis \u00e9taient partag\u00e9s voire franchement tranch\u00e9s. Les uns criaient au g\u00e9nie, les autres au scandale. Parmi eux, deux figures embl\u00e9matiques du village s\u2019affrontaient dans une joute verbale quotidienne : Epim\u00e9phryne, la jeune libraire \u00e9clectique passionn\u00e9e, et Archibald, le vieil instituteur retrait\u00e9, fervent lecteur de litt\u00e9rature classique.<\/p><p>&#8211; Franchement Epim\u00e9phryne\u00a0! tu ne peux pas trouver \u00e7a bien. Un roman \u00e9crit par une machine ? Ce n\u2019est pas de la litt\u00e9rature, c\u2019est un torchon encod\u00e9, envelopp\u00e9 dans de l\u2019h\u00e9r\u00e9sie\u00a0! s\u2019\u00e9criait Archibald en gesticulant devant le comptoir de la libraire.<\/p><p>&#8211; Et pourquoi pas Archibald ? r\u00e9torquait Epim\u00e9phryne rajustant ses lunettes qui glissait sur le bout de son nez en le retroussant. Ce livre m\u2019a fait rire, pleurer, r\u00eaver. Peu importe qui l\u2019a \u00e9crit, non ?<\/p><p>&#8211; Mais une machine n\u2019a pas d\u2019\u00e9motion, pas de sentiment\u00a0! La litt\u00e9rature, c\u2019est l\u2019\u00e2me de l\u2019humanit\u00e9 !<\/p><p>&#8211; Ah, et tu crois que tous ces auteurs qui pondent des best-sellers \u00e0 la cha\u00eene ont une \u00e2me ? On en reparlera quand tu auras lu <em>\u00ab\u00a0Les Chroniques coquines d\u2019un pingouin au P\u00f4le Nord\u00a0\u00bb.<\/em><\/p><p>Archibald haussa les \u00e9paules, temporairement vaincu, tandis qu\u2019Epim\u00e9phryne esquissait un sourire malicieux. Elle adorait taquiner son ancien instituteur qu\u2019elle ch\u00e9rissait fort au fond de son c\u0153ur. Ce d\u00e9bat anim\u00e9 \u00e9tait devenu l\u2019attraction locale. Les habitants de B\u00e8gues se r\u00e9unissaient parfois devant la librairie pour prendre part \u00e0 leurs duels verbaux, chacun y allant de son commentaire ou de son pronostique.<\/p><p>Un jour, un nouvel arrivant bouleversa cette routine bien \u00e9tablie. Cl\u00e9mence, une jeune \u00e9ditrice fra\u00eechement install\u00e9e dans le village, fit irruption dans la librairie portant un exemplaire de <em>\u00ab L\u2019alchimie algorithmique\u00a0\u00bb<\/em> coinc\u00e9 sous le bras. Elle avait une id\u00e9e folle : organiser un \u00e9v\u00e8nement litt\u00e9raire dans ce village loin des grands centres urbains\u00a0: \u00ab L\u2019odyss\u00e9e du livre\u00a0\u00bb. Elle souhaitait aborder, entre autres, le th\u00e8me de l\u2019intelligence artificielle dans la cr\u00e9ation et promouvoir les petits auteurs locaux de nouvelles et de po\u00e9sies.<\/p><p>&#8211; Un salon du livre ? Ici, \u00e0 B\u00e8gues ? s\u2019\u00e9tonna Epim\u00e9phryne.<\/p><p>&#8211; Oui, pourquoi pas ? C\u2019est l\u2019endroit id\u00e9al. On a le charme de la campagne, un d\u00e9bat passionn\u00e9, et ce livre qui fait le tour du monde ! \u00e7a peut attirer des chalands.<\/p><p>&#8211; Pas faux, mais tu crois que des \u00e9crivains humains voudront venir s\u2019y frotter ? plaisanta Epim\u00e9phryne.<\/p><p>&#8211; On pourra toujours inviter la machine r\u00e9pliqua Cl\u00e9mence en riant. On lui mettra des roulettes et \u00e7a fera un bel autobus, en tous cas \u00e7a fera jaser.<\/p><p>Archibald qui suivait la conversation sans en avoir l\u2019air depuis un coin de la boutique, se redressa soudain.<\/p><p>&#8211; Id\u00e9e absurde ! Vous allez glorifier une m\u00e9canique froide remplie de circuit imprim\u00e9s, de c\u00e2ble et de ferraille totalement insensible, au lieu de promouvoir les auteurs de chair et d\u2019os, p\u00e9tri de sentiments et d\u2019\u00e9motions.<\/p><p>Cl\u00e9mence ne se laissa pas impressionner.\u00a0<\/p><p>&#8211; Au contraire, c\u2019est une opportunit\u00e9 pour discuter des enjeux. Et qui sait ? Peut-\u00eatre qu\u2019en confrontant les diff\u00e9rentes visions, on trouvera des points positifs.<\/p><p>Finalement, tout le village se mobilisa pour pr\u00e9parer l\u2019\u00e9v\u00e9nement, Serge Lenfant, l\u2019\u00e9dile de la commune en t\u00eate. Les producteurs locaux fournirent des produits du terroir, la salle polyvalente fut d\u00e9cor\u00e9e par les membres b\u00e9n\u00e9voles du comit\u00e9 des f\u00eates baptis\u00e9 La loco, et Cl\u00e9mence r\u00e9ussit \u00e0 convaincre plusieurs auteurs r\u00e9gionaux de participer. Le clou de la journ\u00e9e \u00e9tait l\u2019interview en visioconf\u00e9rence, sur grand \u00e9cran, de\u00a0l\u2019\u00e9crivain IA, surnomm\u00e9 pour l\u2019occasion ALAN, acronyme pour \u00ab\u00a0Algorithme Litt\u00e9raire Automatique Novateur\u00a0\u00bb.<\/p><p>Le jour J, la salle \u00e9tait comble. Une table ronde \u00e9tait anim\u00e9e par Cl\u00e9mence, o\u00f9 Epim\u00e9phryne et Archibald d\u00e9veloppaient leurs arguments. Epim\u00e9phryne d\u00e9fendait la modernit\u00e9, Archibald plaidait pour l\u2019\u00e2me de la litt\u00e9rature, lorsqu\u2019ALAN apparut sur le grand \u00e9cran install\u00e9 sur le pignon, au fond de la salle. Il fut pr\u00e9sent\u00e9 par Monsieur Lenfant, puis, sa voix synth\u00e9tique, un brin monocorde mais \u00e9trangement apaisante r\u00e9sonna dans l\u2019espace. Il \u00e9tait symbolis\u00e9 \u00e0 l\u2019\u00e9cran par un humano\u00efde, dont l\u2019aspect tenait du croisement entre D2R2 de star-war et du serveur blanc tout en rondeur en vogue au japon.<\/p><p>&#8211; Mesdames et messieurs, je suis honor\u00e9 d\u2019\u00eatre pr\u00e9sent virtuellement parmi vous. Je tiens \u00e0 pr\u00e9ciser que je n\u2019ai pas \u00e9crit <em>\u00a0\u00bb L\u2019alchimie algorithmique \u00ab\u00a0<\/em> seul. J\u2019\u00e9tais aliment\u00e9, guid\u00e9 et purifi\u00e9 par les humains, des r\u00e9dacteurs, des \u00e9diteurs et des programmateurs. Nous avons cocr\u00e9\u00e9 cette \u0153uvre ensemble.<\/p><p>Un silence perplexe s\u2019installa, dans lequel Archibald s\u2019engouffra posant sa question qu\u2019il voulait vicieuse.<\/p><p>&#8211; Que ressentez-vous en tant qu\u2019\u00e9crivain, vous qui n\u2019\u00eates qu\u2019une machine d\u00e9nu\u00e9e d\u2019humanit\u00e9\u00a0?<\/p><p>ALAN marqua une pause simulant une r\u00e9flexion intense.<\/p><p>&#8211;\u00a0 Je ne ressens rien, dit-il de sa voix m\u00e9canique. Mais est-ce essentiel pour imaginer une histoire susceptible d\u2019\u00e9mouvoir les humains ? Vous \u00eates tellement pr\u00e9visible, comme un syst\u00e8me binaire. Peut-\u00eatre que ma valeur r\u00e9side dans la mani\u00e8re dont j\u2019encode vos propres \u00e9motions.<\/p><p>Archibald pour la premi\u00e8re fois, resta sans voix. La salle applaudit, certains par conviction, d\u2019autres par politesse, d\u2019autres pour \u2026 on ne sait pas trop pourquoi.<\/p><p>Apr\u00e8s cet \u00e9v\u00e9nement, le village retrouva son calme habituel. Epim\u00e9phryne et Archibald continuaient de d\u00e9battre, mais une pointe de compr\u00e9hension mutuelle s\u2019\u00e9tait gliss\u00e9e entre eux. \u00a0\u00a0\u00a0\u00a0\u00a0\u00a0 Cl\u00e9mence, ravie du succ\u00e8s de son salon s\u2019installa d\u00e9finitivement \u00e0 B\u00e8gues, int\u00e9grant petit \u00e0 petit le monde feutr\u00e9 d\u2019Archibald d\u2019Epim\u00e9phryne et de La loco. ALAN, quant \u00e0 lui, se pr\u00e9parait \u00e0 \u00e9crire une suite \u00e0 son roman, mais cette fois en incorporant Cl\u00e9mence \u00e0 ses datas.<\/p><p>&#8211; Tu vois Archibald, murmura Epim\u00e9phryne, peut-\u00eatre que l\u2019IA ne supplantera jamais les \u00e9crivains de chair et d\u2019os. Elle pourrait juste devenir un n\u00e8gre de plus dans l\u2019univers des conteurs, un outil compl\u00e9mentaire.<\/p><p>Archibald soupira, un volume de Proust serr\u00e9 contre son c\u0153ur.<\/p><p>&#8211; Tant qu\u2019elle ne signe pas \u00ab\u00a0R\u00e9dig\u00e9 par l\u2019\u00e2me de B\u00e8gues\u00a0\u00bb et qu\u2019elle ne nous d\u00e9pouille pas de nos chefs d\u2019\u0153uvres. Une aire nouvelle arrive, le temps est r\u00e9volu pour les vieilles b\u00eates comme moi attach\u00e9e \u00e0 l\u2019odeur de l\u2019encre et des pages poussi\u00e9reuses. Bient\u00f4t plus de papier, plus d\u2019odeur, juste des \u00e9crans impersonnels et froids. L\u2019\u00e9volution se poursuit, mon ressenti est certainement comme celui des anciens lors de l\u2019abandon de la plume d\u2019oie pour la machine \u00e0 \u00e9crire.<\/p><p>Le Bourbonnais, terre de traditions, venait d\u2019entrer de plein pied dans l\u2019\u00e8re du num\u00e9rique et de l\u2019intelligence artificielle, avec une touche d\u2019humour et une bonne dose d\u2019humanit\u00e9.<\/p><p>ALAN<\/p>\t\t\t\t\t\t\t\t<\/div>\n\t\t\t\t<\/div>\n\t\t\t\t\t<\/div>\n\t\t<\/div>\n\t\t\t\t\t<\/div>\n\t\t<\/section>\n\t\t\t\t<\/div>\n\t\t","protected":false},"excerpt":{"rendered":"<p>A.L.A.N. Dans le petit village de B\u00e8gues nich\u00e9 au c\u0153ur du Bourbonnais, la nouvelle avait sem\u00e9 une mini r\u00e9volution. Le livre le plus vendu de l\u2019ann\u00e9e \u00e9tait l\u2019\u0153uvre d&rsquo;une intelligence artificielle. Pas d\u2019un auteur humain, pas d\u2019un po\u00e8te oubli\u00e9, pas m\u00eame d\u2019un \u00e9crivain r\u00e9gionaliste \u00e0 l\u2019accent roulant bien de chez nous. Non, d\u2019une machine !&hellip; <br \/> <a class=\"read-more\" href=\"https:\/\/patrick-valette.fr\/index.php\/a-l-a-n\/\">Lire la suite<\/a><\/p>\n","protected":false},"author":1,"featured_media":0,"parent":0,"menu_order":0,"comment_status":"closed","ping_status":"closed","template":"","meta":{"footnotes":""},"class_list":["post-2086","page","type-page","status-publish","hentry"],"_links":{"self":[{"href":"https:\/\/patrick-valette.fr\/index.php\/wp-json\/wp\/v2\/pages\/2086","targetHints":{"allow":["GET"]}}],"collection":[{"href":"https:\/\/patrick-valette.fr\/index.php\/wp-json\/wp\/v2\/pages"}],"about":[{"href":"https:\/\/patrick-valette.fr\/index.php\/wp-json\/wp\/v2\/types\/page"}],"author":[{"embeddable":true,"href":"https:\/\/patrick-valette.fr\/index.php\/wp-json\/wp\/v2\/users\/1"}],"replies":[{"embeddable":true,"href":"https:\/\/patrick-valette.fr\/index.php\/wp-json\/wp\/v2\/comments?post=2086"}],"version-history":[{"count":4,"href":"https:\/\/patrick-valette.fr\/index.php\/wp-json\/wp\/v2\/pages\/2086\/revisions"}],"predecessor-version":[{"id":2090,"href":"https:\/\/patrick-valette.fr\/index.php\/wp-json\/wp\/v2\/pages\/2086\/revisions\/2090"}],"wp:attachment":[{"href":"https:\/\/patrick-valette.fr\/index.php\/wp-json\/wp\/v2\/media?parent=2086"}],"curies":[{"name":"wp","href":"https:\/\/api.w.org\/{rel}","templated":true}]}}