{"id":27,"date":"2021-08-11T11:53:44","date_gmt":"2021-08-11T09:53:44","guid":{"rendered":"https:\/\/patrick-valette.fr\/?page_id=27"},"modified":"2022-01-25T18:31:09","modified_gmt":"2022-01-25T17:31:09","slug":"mes-photos","status":"publish","type":"page","link":"https:\/\/patrick-valette.fr\/index.php\/mes-photos\/","title":{"rendered":"Mes Photos"},"content":{"rendered":"\t\t<div data-elementor-type=\"wp-page\" data-elementor-id=\"27\" class=\"elementor elementor-27\">\n\t\t\t\t\t\t<section class=\"elementor-section elementor-top-section elementor-element elementor-element-6cc48558 elementor-section-boxed elementor-section-height-default elementor-section-height-default\" data-id=\"6cc48558\" data-element_type=\"section\">\n\t\t\t\t\t\t<div class=\"elementor-container elementor-column-gap-default\">\n\t\t\t\t\t<div class=\"elementor-column elementor-col-100 elementor-top-column elementor-element elementor-element-2ed7b9cb\" data-id=\"2ed7b9cb\" data-element_type=\"column\">\n\t\t\t<div class=\"elementor-widget-wrap elementor-element-populated\">\n\t\t\t\t\t\t<div class=\"elementor-element elementor-element-7ea34590 elementor-widget elementor-widget-heading\" data-id=\"7ea34590\" data-element_type=\"widget\" data-widget_type=\"heading.default\">\n\t\t\t\t<div class=\"elementor-widget-container\">\n\t\t\t\t\t<h2 class=\"elementor-heading-title elementor-size-default\">Le Sancy<\/h2>\t\t\t\t<\/div>\n\t\t\t\t<\/div>\n\t\t\t\t<div class=\"elementor-element elementor-element-c17b9 elementor-widget elementor-widget-text-editor\" data-id=\"c17b9\" data-element_type=\"widget\" data-widget_type=\"text-editor.default\">\n\t\t\t\t<div class=\"elementor-widget-container\">\n\t\t\t\t\t\t\t\t\t\n<p><\/p>\n\n\n\n<figure class=\"wp-block-gallery columns-0 is-cropped wp-block-gallery-2 is-layout-flex wp-block-gallery-is-layout-flex\"><ul class=\"blocks-gallery-grid\"><\/ul><\/figure>\n\t\t\t\t\t\t\t\t<\/div>\n\t\t\t\t<\/div>\n\t\t\t\t\t<\/div>\n\t\t<\/div>\n\t\t\t\t\t<\/div>\n\t\t<\/section>\n\t\t\t\t<section class=\"elementor-section elementor-top-section elementor-element elementor-element-3ed3244 elementor-section-boxed elementor-section-height-default elementor-section-height-default\" data-id=\"3ed3244\" data-element_type=\"section\">\n\t\t\t\t\t\t<div class=\"elementor-container elementor-column-gap-default\">\n\t\t\t\t\t<div class=\"elementor-column elementor-col-100 elementor-top-column elementor-element elementor-element-586334c9\" data-id=\"586334c9\" data-element_type=\"column\">\n\t\t\t<div class=\"elementor-widget-wrap elementor-element-populated\">\n\t\t\t\t\t\t<div class=\"elementor-element elementor-element-7a464c40 elementor-position-top elementor-widget elementor-widget-image-box\" data-id=\"7a464c40\" data-element_type=\"widget\" data-widget_type=\"image-box.default\">\n\t\t\t\t<div class=\"elementor-widget-container\">\n\t\t\t\t\t<div class=\"elementor-image-box-wrapper\"><figure class=\"elementor-image-box-img\"><a href=\"https:\/\/patrick-valette.fr\/index.php\/le-puy-de-sancy-1886-metres\/\" target=\"_blank\" tabindex=\"-1\"><img fetchpriority=\"high\" decoding=\"async\" width=\"542\" height=\"226\" src=\"https:\/\/patrick-valette.fr\/wp-content\/uploads\/2021\/08\/cropped-cropped-IMG_6217-scaled-1.jpg\" class=\"attachment-full size-full wp-image-209\" alt=\"\" srcset=\"https:\/\/patrick-valette.fr\/wp-content\/uploads\/2021\/08\/cropped-cropped-IMG_6217-scaled-1.jpg 542w, https:\/\/patrick-valette.fr\/wp-content\/uploads\/2021\/08\/cropped-cropped-IMG_6217-scaled-1-300x125.jpg 300w\" sizes=\"(max-width: 542px) 100vw, 542px\" \/><\/a><\/figure><div class=\"elementor-image-box-content\"><h3 class=\"elementor-image-box-title\"><a href=\"https:\/\/patrick-valette.fr\/index.php\/le-puy-de-sancy-1886-metres\/\" target=\"_blank\">Le t\u00e9l\u00e9ph\u00e9rique du Sancy<\/a><\/h3><p class=\"elementor-image-box-description\">Le puy de Sancy 63 auvergne<\/p><\/div><\/div>\t\t\t\t<\/div>\n\t\t\t\t<\/div>\n\t\t\t\t<div class=\"elementor-element elementor-element-9140a8e elementor-widget-divider--view-line elementor-widget elementor-widget-divider\" data-id=\"9140a8e\" data-element_type=\"widget\" data-widget_type=\"divider.default\">\n\t\t\t\t<div class=\"elementor-widget-container\">\n\t\t\t\t\t\t\t<div class=\"elementor-divider\">\n\t\t\t<span class=\"elementor-divider-separator\">\n\t\t\t\t\t\t<\/span>\n\t\t<\/div>\n\t\t\t\t\t\t<\/div>\n\t\t\t\t<\/div>\n\t\t\t\t\t<\/div>\n\t\t<\/div>\n\t\t\t\t\t<\/div>\n\t\t<\/section>\n\t\t\t\t<section class=\"elementor-section elementor-top-section elementor-element elementor-element-88ce6eb elementor-section-boxed elementor-section-height-default elementor-section-height-default\" data-id=\"88ce6eb\" data-element_type=\"section\">\n\t\t\t\t\t\t<div class=\"elementor-container elementor-column-gap-default\">\n\t\t\t\t\t<div class=\"elementor-column elementor-col-100 elementor-top-column elementor-element elementor-element-d30f47b\" data-id=\"d30f47b\" data-element_type=\"column\">\n\t\t\t<div class=\"elementor-widget-wrap elementor-element-populated\">\n\t\t\t\t\t\t<div class=\"elementor-element elementor-element-d827770 elementor-widget elementor-widget-image\" data-id=\"d827770\" data-element_type=\"widget\" data-widget_type=\"image.default\">\n\t\t\t\t<div class=\"elementor-widget-container\">\n\t\t\t\t\t\t\t\t\t\t\t\t\t\t\t<img decoding=\"async\" width=\"542\" height=\"360\" src=\"https:\/\/patrick-valette.fr\/wp-content\/uploads\/2021\/08\/cropped-IMG_6245-scaled-1.jpg\" class=\"attachment-large size-large wp-image-176\" alt=\"\" srcset=\"https:\/\/patrick-valette.fr\/wp-content\/uploads\/2021\/08\/cropped-IMG_6245-scaled-1.jpg 542w, https:\/\/patrick-valette.fr\/wp-content\/uploads\/2021\/08\/cropped-IMG_6245-scaled-1-300x199.jpg 300w\" sizes=\"(max-width: 542px) 100vw, 542px\" \/>\t\t\t\t\t\t\t\t\t\t\t\t\t\t\t<\/div>\n\t\t\t\t<\/div>\n\t\t\t\t\t<\/div>\n\t\t<\/div>\n\t\t\t\t\t<\/div>\n\t\t<\/section>\n\t\t\t\t<section class=\"elementor-section elementor-top-section elementor-element elementor-element-eefee37 elementor-section-boxed elementor-section-height-default elementor-section-height-default\" data-id=\"eefee37\" data-element_type=\"section\">\n\t\t\t\t\t\t<div class=\"elementor-container elementor-column-gap-default\">\n\t\t\t\t\t<div class=\"elementor-column elementor-col-100 elementor-top-column elementor-element elementor-element-3a676a1\" data-id=\"3a676a1\" data-element_type=\"column\">\n\t\t\t<div class=\"elementor-widget-wrap elementor-element-populated\">\n\t\t\t\t\t\t<div class=\"elementor-element elementor-element-1cb7111 elementor-widget elementor-widget-heading\" data-id=\"1cb7111\" data-element_type=\"widget\" data-widget_type=\"heading.default\">\n\t\t\t\t<div class=\"elementor-widget-container\">\n\t\t\t\t\t<h2 class=\"elementor-heading-title elementor-size-default\"><a href=\"https:\/\/patrick-valette.fr\/index.php\/les-volcans-d-auvergne\/\">LES VOLCANS D AUVERGNE.     LE ROI<\/a><\/h2>\t\t\t\t<\/div>\n\t\t\t\t<\/div>\n\t\t\t\t\t<\/div>\n\t\t<\/div>\n\t\t\t\t\t<\/div>\n\t\t<\/section>\n\t\t\t\t<\/div>\n\t\t","protected":false},"excerpt":{"rendered":"<p>Le Sancy Le t\u00e9l\u00e9ph\u00e9rique du Sancy Le puy de Sancy 63 auvergne LES VOLCANS D AUVERGNE. LE ROI<\/p>\n","protected":false},"author":1,"featured_media":0,"parent":0,"menu_order":0,"comment_status":"closed","ping_status":"closed","template":"","meta":{"footnotes":""},"class_list":["post-27","page","type-page","status-publish","hentry"],"_links":{"self":[{"href":"https:\/\/patrick-valette.fr\/index.php\/wp-json\/wp\/v2\/pages\/27","targetHints":{"allow":["GET"]}}],"collection":[{"href":"https:\/\/patrick-valette.fr\/index.php\/wp-json\/wp\/v2\/pages"}],"about":[{"href":"https:\/\/patrick-valette.fr\/index.php\/wp-json\/wp\/v2\/types\/page"}],"author":[{"embeddable":true,"href":"https:\/\/patrick-valette.fr\/index.php\/wp-json\/wp\/v2\/users\/1"}],"replies":[{"embeddable":true,"href":"https:\/\/patrick-valette.fr\/index.php\/wp-json\/wp\/v2\/comments?post=27"}],"version-history":[{"count":49,"href":"https:\/\/patrick-valette.fr\/index.php\/wp-json\/wp\/v2\/pages\/27\/revisions"}],"predecessor-version":[{"id":1087,"href":"https:\/\/patrick-valette.fr\/index.php\/wp-json\/wp\/v2\/pages\/27\/revisions\/1087"}],"wp:attachment":[{"href":"https:\/\/patrick-valette.fr\/index.php\/wp-json\/wp\/v2\/media?parent=27"}],"curies":[{"name":"wp","href":"https:\/\/api.w.org\/{rel}","templated":true}]}}